{"id":235,"date":"2024-09-12T15:05:09","date_gmt":"2024-09-12T12:05:09","guid":{"rendered":"https:\/\/baic-agri.com\/?page_id=235"},"modified":"2024-12-11T17:29:54","modified_gmt":"2024-12-11T14:29:54","slug":"politica-de-privacidad","status":"publish","type":"page","link":"https:\/\/baic-agri.com\/es\/politica-de-privacidad\/","title":{"rendered":"Pol\u00edtica de privacidad"},"content":{"rendered":"\t\t<div data-elementor-type=\"wp-page\" data-elementor-id=\"235\" class=\"elementor elementor-235\" data-elementor-post-type=\"page\">\n\t\t\t\t<div class=\"elementor-element elementor-element-58093da e-flex e-con-boxed e-con e-parent\" data-id=\"58093da\" data-element_type=\"container\" data-settings=\"{&quot;jet_parallax_layout_list&quot;:[]}\">\n\t\t\t\t\t<div class=\"e-con-inner\">\n\t\t\t\t<div class=\"elementor-element elementor-element-81d8394 elementor-widget elementor-widget-heading\" data-id=\"81d8394\" data-element_type=\"widget\" data-widget_type=\"heading.default\">\n\t\t\t\t<div class=\"elementor-widget-container\">\n\t\t\t<style>\/*! elementor - v3.23.0 - 23-07-2024 *\/\n.elementor-heading-title{padding:0;margin:0;line-height:1}.elementor-widget-heading .elementor-heading-title[class*=elementor-size-]>a{color:inherit;font-size:inherit;line-height:inherit}.elementor-widget-heading .elementor-heading-title.elementor-size-small{font-size:15px}.elementor-widget-heading .elementor-heading-title.elementor-size-medium{font-size:19px}.elementor-widget-heading .elementor-heading-title.elementor-size-large{font-size:29px}.elementor-widget-heading .elementor-heading-title.elementor-size-xl{font-size:39px}.elementor-widget-heading .elementor-heading-title.elementor-size-xxl{font-size:59px}<\/style><h2 class=\"elementor-heading-title elementor-size-default\">Pol\u00edtica de Cookies<\/h2>\t\t<\/div>\n\t\t\t\t<\/div>\n\t\t\t\t<div class=\"elementor-element elementor-element-007ea0f elementor-widget elementor-widget-text-editor\" data-id=\"007ea0f\" data-element_type=\"widget\" data-widget_type=\"text-editor.default\">\n\t\t\t\t<div class=\"elementor-widget-container\">\n\t\t\t<style>\/*! elementor - v3.23.0 - 23-07-2024 *\/\n.elementor-widget-text-editor.elementor-drop-cap-view-stacked .elementor-drop-cap{background-color:#69727d;color:#fff}.elementor-widget-text-editor.elementor-drop-cap-view-framed .elementor-drop-cap{color:#69727d;border:3px solid;background-color:transparent}.elementor-widget-text-editor:not(.elementor-drop-cap-view-default) .elementor-drop-cap{margin-top:8px}.elementor-widget-text-editor:not(.elementor-drop-cap-view-default) .elementor-drop-cap-letter{width:1em;height:1em}.elementor-widget-text-editor .elementor-drop-cap{float:left;text-align:center;line-height:1;font-size:50px}.elementor-widget-text-editor .elementor-drop-cap-letter{display:inline-block}<\/style>\t\t\t\t<p><strong>\u00bfQu\u00e9 es una cookie?<\/strong><\/p>\t\t\t\t\t\t<\/div>\n\t\t\t\t<\/div>\n\t\t\t\t<div class=\"elementor-element elementor-element-bb0b31d elementor-widget elementor-widget-text-editor\" data-id=\"bb0b31d\" data-element_type=\"widget\" data-widget_type=\"text-editor.default\">\n\t\t\t\t<div class=\"elementor-widget-container\">\n\t\t\t\t\t\t\t<p>La cookie es un dato transferido a su navegador o dispositivo que nos permite entender, almacenar y recordar sus acciones y preferencias en nuestra plataforma a lo largo del tiempo. La mayor\u00eda de los navegadores de Internet aceptan cookies; sin embargo, los usuarios pueden configurar sus navegadores para desactivar o aceptar ciertos tipos de cookies o cookies espec\u00edficas. Cuando se desactivan las categor\u00edas permitidas, las cookies asignadas a esta categor\u00eda ser\u00e1n eliminadas de su navegador.<\/p>\t\t\t\t\t\t<\/div>\n\t\t\t\t<\/div>\n\t\t\t\t<div class=\"elementor-element elementor-element-25d06cf elementor-widget elementor-widget-text-editor\" data-id=\"25d06cf\" data-element_type=\"widget\" data-widget_type=\"text-editor.default\">\n\t\t\t\t<div class=\"elementor-widget-container\">\n\t\t\t\t\t\t\t<p><strong>\u00bfPor qu\u00e9 utilizamos las cookies?<\/strong><\/p>\t\t\t\t\t\t<\/div>\n\t\t\t\t<\/div>\n\t\t\t\t<div class=\"elementor-element elementor-element-19c67f9 elementor-widget elementor-widget-text-editor\" data-id=\"19c67f9\" data-element_type=\"widget\" data-widget_type=\"text-editor.default\">\n\t\t\t\t<div class=\"elementor-widget-container\">\n\t\t\t\t\t\t\t<p>Utilizamos cookies para autenticar usuarios, recordar preferencias y configuraciones de usuarios. Las cookies pueden ser utilizadas para determinar la popularidad de un contenido, divulgar y medir la eficacia de campa\u00f1as de marketing, as\u00ed como para analizar tendencias e intereses de las personas que interact\u00faan con nuestros Servicios. Por ejemplo, algunas cookies se utilizan para recordar su idioma o sus preferencias, para que no tenga que elegirlas cada vez que accede a nuestro sitio.<\/p>\t\t\t\t\t\t<\/div>\n\t\t\t\t<\/div>\n\t\t\t\t<div class=\"elementor-element elementor-element-7ac99de elementor-widget elementor-widget-text-editor\" data-id=\"7ac99de\" data-element_type=\"widget\" data-widget_type=\"text-editor.default\">\n\t\t\t\t<div class=\"elementor-widget-container\">\n\t\t\t\t\t\t\t<p><strong>\u00bfQu\u00e9 cookies utilizamos?<\/strong><\/p>\t\t\t\t\t\t<\/div>\n\t\t\t\t<\/div>\n\t\t\t\t<div class=\"elementor-element elementor-element-d388b69 elementor-widget elementor-widget-text-editor\" data-id=\"d388b69\" data-element_type=\"widget\" data-widget_type=\"text-editor.default\">\n\t\t\t\t<div class=\"elementor-widget-container\">\n\t\t\t\t\t\t\t<p><strong>Cookies necesarias<\/strong><\/p>\t\t\t\t\t\t<\/div>\n\t\t\t\t<\/div>\n\t\t\t\t<div class=\"elementor-element elementor-element-ba3461e elementor-widget elementor-widget-text-editor\" data-id=\"ba3461e\" data-element_type=\"widget\" data-widget_type=\"text-editor.default\">\n\t\t\t\t<div class=\"elementor-widget-container\">\n\t\t\t\t\t\t\t<p>Las cookies necesarias son esenciales para el funcionamiento del sitio; sin ellas, el sitio no funcionar\u00eda correctamente. Se utilizan, por ejemplo, para acceder a \u00e1reas seguras del sitio, seguridad y cumplimiento legal.<\/p>\t\t\t\t\t\t<\/div>\n\t\t\t\t<\/div>\n\t\t\t\t<div class=\"elementor-element elementor-element-65367f0 elementor-widget elementor-widget-text-editor\" data-id=\"65367f0\" data-element_type=\"widget\" data-widget_type=\"text-editor.default\">\n\t\t\t\t<div class=\"elementor-widget-container\">\n\t\t\t\t\t\t\t<p><strong>Cookies de Marketing<\/strong><\/p>\t\t\t\t\t\t<\/div>\n\t\t\t\t<\/div>\n\t\t\t\t<div class=\"elementor-element elementor-element-c25ff05 elementor-widget elementor-widget-text-editor\" data-id=\"c25ff05\" data-element_type=\"widget\" data-widget_type=\"text-editor.default\">\n\t\t\t\t<div class=\"elementor-widget-container\">\n\t\t\t\t\t\t\t<p>Las cookies de marketing o publicidad rastrean la navegaci\u00f3n de los visitantes y recopilan datos para que la empresa pueda ofrecer anuncios m\u00e1s relevantes seg\u00fan dicho comportamiento.<\/p>\t\t\t\t\t\t<\/div>\n\t\t\t\t<\/div>\n\t\t\t\t<div class=\"elementor-element elementor-element-0f81250 elementor-widget elementor-widget-text-editor\" data-id=\"0f81250\" data-element_type=\"widget\" data-widget_type=\"text-editor.default\">\n\t\t\t\t<div class=\"elementor-widget-container\">\n\t\t\t\t\t\t\t<p><strong>Cookies de estad\u00edsticas<\/strong><\/p>\t\t\t\t\t\t<\/div>\n\t\t\t\t<\/div>\n\t\t\t\t<div class=\"elementor-element elementor-element-4ef41b7 elementor-widget elementor-widget-text-editor\" data-id=\"4ef41b7\" data-element_type=\"widget\" data-widget_type=\"text-editor.default\">\n\t\t\t\t<div class=\"elementor-widget-container\">\n\t\t\t\t\t\t\t<p>Las cookies de estad\u00edsticas, o an\u00e1lisis, traducen las interacciones de los visitantes en informes detallados de comportamiento, de manera an\u00f3nima.<\/p>\t\t\t\t\t\t<\/div>\n\t\t\t\t<\/div>\n\t\t\t\t<div class=\"elementor-element elementor-element-c17ca7d elementor-widget elementor-widget-text-editor\" data-id=\"c17ca7d\" data-element_type=\"widget\" data-widget_type=\"text-editor.default\">\n\t\t\t\t<div class=\"elementor-widget-container\">\n\t\t\t\t\t\t\t<p><strong>\u00bfCu\u00e1nto tiempo se almacenan las cookies?<\/strong><\/p>\t\t\t\t\t\t<\/div>\n\t\t\t\t<\/div>\n\t\t\t\t<div class=\"elementor-element elementor-element-ad310ef elementor-widget elementor-widget-text-editor\" data-id=\"ad310ef\" data-element_type=\"widget\" data-widget_type=\"text-editor.default\">\n\t\t\t\t<div class=\"elementor-widget-container\">\n\t\t\t\t\t\t\t<p>El plazo de almacenamiento de las cookies que recopilan informaci\u00f3n var\u00eda seg\u00fan el tiempo necesario para cumplir su finalidad. Existen cookies denominadas de sesi\u00f3n o temporales, que expiran tan pronto como cierra su navegador. Por otro lado, existen cookies persistentes o permanentes, que permanecen en su dispositivo durante un per\u00edodo determinado o hasta que sean eliminadas. En lo que respecta a este sitio, tenemos las siguientes cookies y per\u00edodo de almacenamiento:<\/p>\t\t\t\t\t\t<\/div>\n\t\t\t\t<\/div>\n\t\t\t\t<div class=\"elementor-element elementor-element-332883f elementor-widget elementor-widget-jet-table\" data-id=\"332883f\" data-element_type=\"widget\" data-widget_type=\"jet-table.default\">\n\t\t\t\t<div class=\"elementor-widget-container\">\n\t\t\t<div class=\"elementor-jet-table jet-elements\">\n\t\t<div class=\"jet-table-wrapper jet-table-responsive-mobile\">\n\t\t\t<table class=\"jet-table jet-table--fa5-compat\">\n\t\t\t\t<thead class=\"jet-table__head\"><tr class=\"jet-table__head-row\"><th class=\"jet-table__cell elementor-repeater-item-59f7f3e jet-table__head-cell\" scope=\"col\"><div class=\"jet-table__cell-inner\"><div class=\"jet-table__cell-content\"><div class=\"jet-table__cell-text\">Cookie<\/div><\/div><\/div><\/th><th class=\"jet-table__cell elementor-repeater-item-3436eab jet-table__head-cell\" scope=\"col\"><div class=\"jet-table__cell-inner\"><div class=\"jet-table__cell-content\"><div class=\"jet-table__cell-text\">Prazo<\/div><\/div><\/div><\/th><\/tr><\/thead>\n\t\t\t\t\t\t\t\t<tbody class=\"jet-table__body\"><tr class=\"jet-table__body-row elementor-repeater-item-05b8c4a\"><td class=\"jet-table__cell elementor-repeater-item-5fd2f27 jet-table__body-cell\"><div class=\"jet-table__cell-inner\"><div class=\"jet-table__cell-content\"><div class=\"jet-table__cell-text\">Necesarias<\/div><\/div><\/div><\/td><td class=\"jet-table__cell elementor-repeater-item-290c78e jet-table__body-cell\"><div class=\"jet-table__cell-inner\"><div class=\"jet-table__cell-content\"><div class=\"jet-table__cell-text\">01 mes<\/div><\/div><\/div><\/td><\/tr><tr class=\"jet-table__body-row elementor-repeater-item-82eebd9\"><td class=\"jet-table__cell elementor-repeater-item-8d911c9 jet-table__body-cell\"><div class=\"jet-table__cell-inner\"><div class=\"jet-table__cell-content\"><div class=\"jet-table__cell-text\">Marketing<\/div><\/div><\/div><\/td><td class=\"jet-table__cell elementor-repeater-item-dfcf13c jet-table__body-cell\"><div class=\"jet-table__cell-inner\"><div class=\"jet-table__cell-content\"><div class=\"jet-table__cell-text\">Cookie de sesi\u00f3n<\/div><\/div><\/div><\/td><\/tr><tr class=\"jet-table__body-row elementor-repeater-item-ce1d338\"><td class=\"jet-table__cell elementor-repeater-item-b35226f jet-table__body-cell\"><div class=\"jet-table__cell-inner\"><div class=\"jet-table__cell-content\"><div class=\"jet-table__cell-text\">Estad\u00edsticas<\/div><\/div><\/div><\/td><td class=\"jet-table__cell elementor-repeater-item-f1fff7d jet-table__body-cell\"><div class=\"jet-table__cell-inner\"><div class=\"jet-table__cell-content\"><div class=\"jet-table__cell-text\">Cookie de sesi\u00f3n<\/div><\/div><\/div><\/td><\/tr><\/tbody>\n\t\t\t<\/table>\n\t\t<\/div>\n\n\t\t<\/div>\t\t<\/div>\n\t\t\t\t<\/div>\n\t\t\t\t<div class=\"elementor-element elementor-element-ae05c17 elementor-widget elementor-widget-text-editor\" data-id=\"ae05c17\" data-element_type=\"widget\" data-widget_type=\"text-editor.default\">\n\t\t\t\t<div class=\"elementor-widget-container\">\n\t\t\t\t\t\t\t<p><strong>\u00bfC\u00f3mo desactivar una cookie?<\/strong><\/p>\t\t\t\t\t\t<\/div>\n\t\t\t\t<\/div>\n\t\t\t\t<div class=\"elementor-element elementor-element-3b4ebdf elementor-widget elementor-widget-text-editor\" data-id=\"3b4ebdf\" data-element_type=\"widget\" data-widget_type=\"text-editor.default\">\n\t\t\t\t<div class=\"elementor-widget-container\">\n\t\t\t\t\t\t\t<p>Usted tiene la autonom\u00eda para impedir que nuestra plataforma utilice algunas cookies, a partir del control de configuraciones. Para activar o desactivar alguna cookie, en la pesta\u00f1a \u201ccontrola tu privacidad\u201d puede hacer clic en \u201cmis opciones\u201d. Al acceder a esta pesta\u00f1a, podr\u00e1 identificar qu\u00e9 cookies se utilizan, su finalidad y cu\u00e1les pueden ser desactivadas. Sin embargo, algunas cookies (denominadas cookies necesarias) no pueden ser desactivadas, dado que son esenciales para el funcionamiento del sitio, la seguridad y el cumplimiento de las obligaciones legales.<\/p>\t\t\t\t\t\t<\/div>\n\t\t\t\t<\/div>\n\t\t\t\t<div class=\"elementor-element elementor-element-b6556e6 elementor-widget elementor-widget-text-editor\" data-id=\"b6556e6\" data-element_type=\"widget\" data-widget_type=\"text-editor.default\">\n\t\t\t\t<div class=\"elementor-widget-container\">\n\t\t\t\t\t\t\t<p><strong>Dudas y Ejercicio de Derechos<\/strong><\/p>\t\t\t\t\t\t<\/div>\n\t\t\t\t<\/div>\n\t\t\t\t<div class=\"elementor-element elementor-element-464ef84 elementor-widget elementor-widget-text-editor\" data-id=\"464ef84\" data-element_type=\"widget\" data-widget_type=\"text-editor.default\">\n\t\t\t\t<div class=\"elementor-widget-container\">\n\t\t\t\t\t\t\t<p>Para nosotros, la privacidad y la confianza son fundamentales, por lo cual estamos siempre actualiz\u00e1ndonos para mantener los m\u00e1s altos est\u00e1ndares de seguridad. Nos reservamos el derecho de modificar esta Pol\u00edtica de Cookies en cualquier momento. Los cambios entrar\u00e1n en vigor inmediatamente despu\u00e9s de su publicaci\u00f3n y usted ser\u00e1 notificado. Al continuar navegando en nuestra plataforma despu\u00e9s de los cambios, acepta los mismos. Por este motivo, le aconsejamos que revise siempre esta Pol\u00edtica y nuestra Pol\u00edtica de Privacidad.\u00a0<\/p>\t\t\t\t\t\t<\/div>\n\t\t\t\t<\/div>\n\t\t\t\t\t<\/div>\n\t\t\t\t<\/div>\n\t\t\t\t<\/div>\n\t\t","protected":false},"excerpt":{"rendered":"<p>Pol\u00edtica de Cookies \u00bfQu\u00e9 es una cookie? La cookie es un dato transferido a su navegador o dispositivo que nos permite entender, almacenar y recordar sus acciones y preferencias en nuestra plataforma a lo largo del tiempo. La mayor\u00eda de los navegadores de Internet aceptan cookies; sin embargo, los usuarios pueden configurar sus navegadores para [&hellip;]<\/p>\n","protected":false},"author":2,"featured_media":0,"parent":0,"menu_order":0,"comment_status":"closed","ping_status":"closed","template":"","meta":{"footnotes":""},"class_list":["post-235","page","type-page","status-publish","hentry"],"_links":{"self":[{"href":"https:\/\/baic-agri.com\/es\/wp-json\/wp\/v2\/pages\/235","targetHints":{"allow":["GET"]}}],"collection":[{"href":"https:\/\/baic-agri.com\/es\/wp-json\/wp\/v2\/pages"}],"about":[{"href":"https:\/\/baic-agri.com\/es\/wp-json\/wp\/v2\/types\/page"}],"author":[{"embeddable":true,"href":"https:\/\/baic-agri.com\/es\/wp-json\/wp\/v2\/users\/2"}],"replies":[{"embeddable":true,"href":"https:\/\/baic-agri.com\/es\/wp-json\/wp\/v2\/comments?post=235"}],"version-history":[{"count":7,"href":"https:\/\/baic-agri.com\/es\/wp-json\/wp\/v2\/pages\/235\/revisions"}],"predecessor-version":[{"id":1034,"href":"https:\/\/baic-agri.com\/es\/wp-json\/wp\/v2\/pages\/235\/revisions\/1034"}],"wp:attachment":[{"href":"https:\/\/baic-agri.com\/es\/wp-json\/wp\/v2\/media?parent=235"}],"curies":[{"name":"wp","href":"https:\/\/api.w.org\/{rel}","templated":true}]}}