{"id":235,"date":"2024-09-12T15:05:09","date_gmt":"2024-09-12T12:05:09","guid":{"rendered":"https:\/\/baic-agri.com\/?page_id=235"},"modified":"2024-10-31T20:35:24","modified_gmt":"2024-10-31T17:35:24","slug":"politique-de-cookies","status":"publish","type":"page","link":"https:\/\/baic-agri.com\/fr\/politique-de-cookies\/","title":{"rendered":"Politique de Cookies"},"content":{"rendered":"\t\t<div data-elementor-type=\"wp-page\" data-elementor-id=\"235\" class=\"elementor elementor-235\" data-elementor-post-type=\"page\">\n\t\t\t\t<div class=\"elementor-element elementor-element-58093da e-flex e-con-boxed e-con e-parent\" data-id=\"58093da\" data-element_type=\"container\" data-settings=\"{&quot;jet_parallax_layout_list&quot;:[]}\">\n\t\t\t\t\t<div class=\"e-con-inner\">\n\t\t\t\t<div class=\"elementor-element elementor-element-81d8394 elementor-widget elementor-widget-heading\" data-id=\"81d8394\" data-element_type=\"widget\" data-widget_type=\"heading.default\">\n\t\t\t\t<div class=\"elementor-widget-container\">\n\t\t\t<style>\/*! elementor - v3.23.0 - 23-07-2024 *\/\n.elementor-heading-title{padding:0;margin:0;line-height:1}.elementor-widget-heading .elementor-heading-title[class*=elementor-size-]>a{color:inherit;font-size:inherit;line-height:inherit}.elementor-widget-heading .elementor-heading-title.elementor-size-small{font-size:15px}.elementor-widget-heading .elementor-heading-title.elementor-size-medium{font-size:19px}.elementor-widget-heading .elementor-heading-title.elementor-size-large{font-size:29px}.elementor-widget-heading .elementor-heading-title.elementor-size-xl{font-size:39px}.elementor-widget-heading .elementor-heading-title.elementor-size-xxl{font-size:59px}<\/style><h2 class=\"elementor-heading-title elementor-size-default\">Politique de cookies<\/h2>\t\t<\/div>\n\t\t\t\t<\/div>\n\t\t\t\t<div class=\"elementor-element elementor-element-007ea0f elementor-widget elementor-widget-text-editor\" data-id=\"007ea0f\" data-element_type=\"widget\" data-widget_type=\"text-editor.default\">\n\t\t\t\t<div class=\"elementor-widget-container\">\n\t\t\t<style>\/*! elementor - v3.23.0 - 23-07-2024 *\/\n.elementor-widget-text-editor.elementor-drop-cap-view-stacked .elementor-drop-cap{background-color:#69727d;color:#fff}.elementor-widget-text-editor.elementor-drop-cap-view-framed .elementor-drop-cap{color:#69727d;border:3px solid;background-color:transparent}.elementor-widget-text-editor:not(.elementor-drop-cap-view-default) .elementor-drop-cap{margin-top:8px}.elementor-widget-text-editor:not(.elementor-drop-cap-view-default) .elementor-drop-cap-letter{width:1em;height:1em}.elementor-widget-text-editor .elementor-drop-cap{float:left;text-align:center;line-height:1;font-size:50px}.elementor-widget-text-editor .elementor-drop-cap-letter{display:inline-block}<\/style>\t\t\t\t<p><strong>O que \u00e9 um cookie?<\/strong><\/p>\t\t\t\t\t\t<\/div>\n\t\t\t\t<\/div>\n\t\t\t\t<div class=\"elementor-element elementor-element-bb0b31d elementor-widget elementor-widget-text-editor\" data-id=\"bb0b31d\" data-element_type=\"widget\" data-widget_type=\"text-editor.default\">\n\t\t\t\t<div class=\"elementor-widget-container\">\n\t\t\t\t\t\t\t<p>Le cookie est une donn\u00e9e transf\u00e9r\u00e9e \u00e0 votre navigateur ou appareil qui nous permet de comprendre, de stocker et de m\u00e9moriser vos actions et pr\u00e9f\u00e9rences sur notre plateforme au fil du temps.<br \/>La plupart des navigateurs Internet acceptent les cookies, cependant, les utilisateurs peuvent configurer leurs navigateurs pour d\u00e9sactiver ou accepter certains types de cookies ou des cookies sp\u00e9cifiques. Lorsque les cat\u00e9gories autoris\u00e9es sont d\u00e9sactiv\u00e9es, les cookies attribu\u00e9s \u00e0 cette cat\u00e9gorie seront supprim\u00e9s de votre navigateur.<\/p>\t\t\t\t\t\t<\/div>\n\t\t\t\t<\/div>\n\t\t\t\t<div class=\"elementor-element elementor-element-25d06cf elementor-widget elementor-widget-text-editor\" data-id=\"25d06cf\" data-element_type=\"widget\" data-widget_type=\"text-editor.default\">\n\t\t\t\t<div class=\"elementor-widget-container\">\n\t\t\t\t\t\t\t<p><strong>Pourquoi utilisons-nous des cookies ?<\/strong><\/p>\t\t\t\t\t\t<\/div>\n\t\t\t\t<\/div>\n\t\t\t\t<div class=\"elementor-element elementor-element-19c67f9 elementor-widget elementor-widget-text-editor\" data-id=\"19c67f9\" data-element_type=\"widget\" data-widget_type=\"text-editor.default\">\n\t\t\t\t<div class=\"elementor-widget-container\">\n\t\t\t\t\t\t\t<p>Nous utilisons des cookies pour authentifier les utilisateurs, m\u00e9moriser les pr\u00e9f\u00e9rences et les param\u00e8tres des utilisateurs. Les cookies peuvent \u00eatre utilis\u00e9s pour d\u00e9terminer la popularit\u00e9 d&#8217;un contenu, diffuser et mesurer l&#8217;efficacit\u00e9 des campagnes marketing, ainsi que pour analyser les tendances et les int\u00e9r\u00eats des personnes qui interagissent avec nos services. Par exemple, certains cookies sont utilis\u00e9s pour m\u00e9moriser votre langue ou vos pr\u00e9f\u00e9rences afin que vous n&#8217;ayez pas \u00e0 les choisir chaque fois que vous acc\u00e9dez \u00e0 notre site.<\/p>\t\t\t\t\t\t<\/div>\n\t\t\t\t<\/div>\n\t\t\t\t<div class=\"elementor-element elementor-element-7ac99de elementor-widget elementor-widget-text-editor\" data-id=\"7ac99de\" data-element_type=\"widget\" data-widget_type=\"text-editor.default\">\n\t\t\t\t<div class=\"elementor-widget-container\">\n\t\t\t\t\t\t\t<p><strong>Quels cookies utilisons-nous ?<\/strong><\/p>\t\t\t\t\t\t<\/div>\n\t\t\t\t<\/div>\n\t\t\t\t<div class=\"elementor-element elementor-element-d388b69 elementor-widget elementor-widget-text-editor\" data-id=\"d388b69\" data-element_type=\"widget\" data-widget_type=\"text-editor.default\">\n\t\t\t\t<div class=\"elementor-widget-container\">\n\t\t\t\t\t\t\t<p><strong>Cookies n\u00e9cessaires<\/strong><\/p>\t\t\t\t\t\t<\/div>\n\t\t\t\t<\/div>\n\t\t\t\t<div class=\"elementor-element elementor-element-ba3461e elementor-widget elementor-widget-text-editor\" data-id=\"ba3461e\" data-element_type=\"widget\" data-widget_type=\"text-editor.default\">\n\t\t\t\t<div class=\"elementor-widget-container\">\n\t\t\t\t\t\t\t<p>Les cookies n\u00e9cessaires sont essentiels au fonctionnement du site ; sans eux, le site ne fonctionnerait pas correctement. Ils sont utilis\u00e9s, par exemple, pour acc\u00e9der aux zones s\u00e9curis\u00e9es du site, pour des raisons de s\u00e9curit\u00e9 et de conformit\u00e9 l\u00e9gale.<\/p>\t\t\t\t\t\t<\/div>\n\t\t\t\t<\/div>\n\t\t\t\t<div class=\"elementor-element elementor-element-65367f0 elementor-widget elementor-widget-text-editor\" data-id=\"65367f0\" data-element_type=\"widget\" data-widget_type=\"text-editor.default\">\n\t\t\t\t<div class=\"elementor-widget-container\">\n\t\t\t\t\t\t\t<p><strong>Cookies de Marketing<\/strong><\/p>\t\t\t\t\t\t<\/div>\n\t\t\t\t<\/div>\n\t\t\t\t<div class=\"elementor-element elementor-element-c25ff05 elementor-widget elementor-widget-text-editor\" data-id=\"c25ff05\" data-element_type=\"widget\" data-widget_type=\"text-editor.default\">\n\t\t\t\t<div class=\"elementor-widget-container\">\n\t\t\t\t\t\t\t<p>Les cookies de marketing ou de publicit\u00e9 suivent la navigation des visiteurs et collectent des donn\u00e9es afin que l&#8217;entreprise puisse fournir des annonces plus pertinentes en fonction de ce comportement.<\/p>\t\t\t\t\t\t<\/div>\n\t\t\t\t<\/div>\n\t\t\t\t<div class=\"elementor-element elementor-element-0f81250 elementor-widget elementor-widget-text-editor\" data-id=\"0f81250\" data-element_type=\"widget\" data-widget_type=\"text-editor.default\">\n\t\t\t\t<div class=\"elementor-widget-container\">\n\t\t\t\t\t\t\t<p><strong>Cookies statistiques<\/strong><\/p>\t\t\t\t\t\t<\/div>\n\t\t\t\t<\/div>\n\t\t\t\t<div class=\"elementor-element elementor-element-4ef41b7 elementor-widget elementor-widget-text-editor\" data-id=\"4ef41b7\" data-element_type=\"widget\" data-widget_type=\"text-editor.default\">\n\t\t\t\t<div class=\"elementor-widget-container\">\n\t\t\t\t\t\t\t<p>Les cookies statistiques, ou d&#8217;analyse, traduisent les interactions des visiteurs en rapports d\u00e9taill\u00e9s de comportement, de mani\u00e8re anonyme.<\/p>\t\t\t\t\t\t<\/div>\n\t\t\t\t<\/div>\n\t\t\t\t<div class=\"elementor-element elementor-element-c17ca7d elementor-widget elementor-widget-text-editor\" data-id=\"c17ca7d\" data-element_type=\"widget\" data-widget_type=\"text-editor.default\">\n\t\t\t\t<div class=\"elementor-widget-container\">\n\t\t\t\t\t\t\t<p><strong>Combien de temps les cookies sont-ils stock\u00e9s ?<\/strong><\/p>\t\t\t\t\t\t<\/div>\n\t\t\t\t<\/div>\n\t\t\t\t<div class=\"elementor-element elementor-element-ad310ef elementor-widget elementor-widget-text-editor\" data-id=\"ad310ef\" data-element_type=\"widget\" data-widget_type=\"text-editor.default\">\n\t\t\t\t<div class=\"elementor-widget-container\">\n\t\t\t\t\t\t\t<p>La dur\u00e9e de stockage des cookies qui collectent des informations varie en fonction du temps n\u00e9cessaire pour atteindre leur objectif. Il existe des cookies appel\u00e9s de session ou temporaires, qui expirent d\u00e8s que vous fermez votre navigateur. D&#8217;autre part, il existe des cookies persistants ou permanents, qui restent sur votre appareil pendant une p\u00e9riode d\u00e9termin\u00e9e ou jusqu&#8217;\u00e0 ce qu&#8217;ils soient supprim\u00e9s. En ce qui concerne ce site, nous avons les cookies suivants et la dur\u00e9e de stockage.<\/p>\t\t\t\t\t\t<\/div>\n\t\t\t\t<\/div>\n\t\t\t\t<div class=\"elementor-element elementor-element-332883f elementor-widget elementor-widget-jet-table\" data-id=\"332883f\" data-element_type=\"widget\" data-widget_type=\"jet-table.default\">\n\t\t\t\t<div class=\"elementor-widget-container\">\n\t\t\t<div class=\"elementor-jet-table jet-elements\">\n\t\t<div class=\"jet-table-wrapper jet-table-responsive-mobile\">\n\t\t\t<table class=\"jet-table jet-table--fa5-compat\">\n\t\t\t\t<thead class=\"jet-table__head\"><tr class=\"jet-table__head-row\"><th class=\"jet-table__cell elementor-repeater-item-59f7f3e jet-table__head-cell\" scope=\"col\"><div class=\"jet-table__cell-inner\"><div class=\"jet-table__cell-content\"><div class=\"jet-table__cell-text\">Cookie<\/div><\/div><\/div><\/th><th class=\"jet-table__cell elementor-repeater-item-3436eab jet-table__head-cell\" scope=\"col\"><div class=\"jet-table__cell-inner\"><div class=\"jet-table__cell-content\"><div class=\"jet-table__cell-text\">D\u00e9lai<\/div><\/div><\/div><\/th><\/tr><\/thead>\n\t\t\t\t\t\t\t\t<tbody class=\"jet-table__body\"><tr class=\"jet-table__body-row elementor-repeater-item-05b8c4a\"><td class=\"jet-table__cell elementor-repeater-item-5fd2f27 jet-table__body-cell\"><div class=\"jet-table__cell-inner\"><div class=\"jet-table__cell-content\"><div class=\"jet-table__cell-text\">N\u00e9cessaires<\/div><\/div><\/div><\/td><td class=\"jet-table__cell elementor-repeater-item-290c78e jet-table__body-cell\"><div class=\"jet-table__cell-inner\"><div class=\"jet-table__cell-content\"><div class=\"jet-table__cell-text\">1 mois<\/div><\/div><\/div><\/td><\/tr><tr class=\"jet-table__body-row elementor-repeater-item-82eebd9\"><td class=\"jet-table__cell elementor-repeater-item-8d911c9 jet-table__body-cell\"><div class=\"jet-table__cell-inner\"><div class=\"jet-table__cell-content\"><div class=\"jet-table__cell-text\">Marketing<\/div><\/div><\/div><\/td><td class=\"jet-table__cell elementor-repeater-item-dfcf13c jet-table__body-cell\"><div class=\"jet-table__cell-inner\"><div class=\"jet-table__cell-content\"><div class=\"jet-table__cell-text\">cookies de session<\/div><\/div><\/div><\/td><\/tr><tr class=\"jet-table__body-row elementor-repeater-item-ce1d338\"><td class=\"jet-table__cell elementor-repeater-item-b35226f jet-table__body-cell\"><div class=\"jet-table__cell-inner\"><div class=\"jet-table__cell-content\"><div class=\"jet-table__cell-text\">statistiques<\/div><\/div><\/div><\/td><td class=\"jet-table__cell elementor-repeater-item-f1fff7d jet-table__body-cell\"><div class=\"jet-table__cell-inner\"><div class=\"jet-table__cell-content\"><div class=\"jet-table__cell-text\">cookies de session<\/div><\/div><\/div><\/td><\/tr><\/tbody>\n\t\t\t<\/table>\n\t\t<\/div>\n\n\t\t<\/div>\t\t<\/div>\n\t\t\t\t<\/div>\n\t\t\t\t<div class=\"elementor-element elementor-element-ae05c17 elementor-widget elementor-widget-text-editor\" data-id=\"ae05c17\" data-element_type=\"widget\" data-widget_type=\"text-editor.default\">\n\t\t\t\t<div class=\"elementor-widget-container\">\n\t\t\t\t\t\t\t<p><strong>Comment d\u00e9sactiver un cookie ?<\/strong><\/p>\t\t\t\t\t\t<\/div>\n\t\t\t\t<\/div>\n\t\t\t\t<div class=\"elementor-element elementor-element-3b4ebdf elementor-widget elementor-widget-text-editor\" data-id=\"3b4ebdf\" data-element_type=\"widget\" data-widget_type=\"text-editor.default\">\n\t\t\t\t<div class=\"elementor-widget-container\">\n\t\t\t\t\t\t\t<p>Vous avez la possibilit\u00e9 d&#8217;emp\u00eacher notre plateforme d&#8217;utiliser certains cookies, \u00e0 partir du contr\u00f4le des param\u00e8tres. Pour activer ou d\u00e9sactiver un cookie, dans l&#8217;onglet &#8216;contr\u00f4lez votre vie priv\u00e9e&#8217;, vous pouvez cliquer sur &#8216;mes options&#8217;. En acc\u00e9dant \u00e0 cet onglet, vous identifierez quels cookies sont utilis\u00e9s, leur finalit\u00e9 et lesquels peuvent \u00eatre d\u00e9sactiv\u00e9s. Cependant, certains cookies (appel\u00e9s cookies n\u00e9cessaires) ne peuvent pas \u00eatre d\u00e9sactiv\u00e9s, en raison de leur n\u00e9cessit\u00e9 pour le fonctionnement du site, la s\u00e9curit\u00e9 et le respect des obligations l\u00e9gales.<\/p>\t\t\t\t\t\t<\/div>\n\t\t\t\t<\/div>\n\t\t\t\t\t<\/div>\n\t\t\t\t<\/div>\n\t\t\t\t<\/div>\n\t\t","protected":false},"excerpt":{"rendered":"<p>Politique de cookies O que \u00e9 um cookie? Le cookie est une donn\u00e9e transf\u00e9r\u00e9e \u00e0 votre navigateur ou appareil qui nous permet de comprendre, de stocker et de m\u00e9moriser vos actions et pr\u00e9f\u00e9rences sur notre plateforme au fil du temps.La plupart des navigateurs Internet acceptent les cookies, cependant, les utilisateurs peuvent configurer leurs navigateurs pour [&hellip;]<\/p>\n","protected":false},"author":2,"featured_media":0,"parent":0,"menu_order":0,"comment_status":"closed","ping_status":"closed","template":"","meta":{"footnotes":""},"class_list":["post-235","page","type-page","status-publish","hentry"],"_links":{"self":[{"href":"https:\/\/baic-agri.com\/fr\/wp-json\/wp\/v2\/pages\/235","targetHints":{"allow":["GET"]}}],"collection":[{"href":"https:\/\/baic-agri.com\/fr\/wp-json\/wp\/v2\/pages"}],"about":[{"href":"https:\/\/baic-agri.com\/fr\/wp-json\/wp\/v2\/types\/page"}],"author":[{"embeddable":true,"href":"https:\/\/baic-agri.com\/fr\/wp-json\/wp\/v2\/users\/2"}],"replies":[{"embeddable":true,"href":"https:\/\/baic-agri.com\/fr\/wp-json\/wp\/v2\/comments?post=235"}],"version-history":[{"count":4,"href":"https:\/\/baic-agri.com\/fr\/wp-json\/wp\/v2\/pages\/235\/revisions"}],"predecessor-version":[{"id":797,"href":"https:\/\/baic-agri.com\/fr\/wp-json\/wp\/v2\/pages\/235\/revisions\/797"}],"wp:attachment":[{"href":"https:\/\/baic-agri.com\/fr\/wp-json\/wp\/v2\/media?parent=235"}],"curies":[{"name":"wp","href":"https:\/\/api.w.org\/{rel}","templated":true}]}}