{"id":235,"date":"2024-09-12T15:05:09","date_gmt":"2024-09-12T12:05:09","guid":{"rendered":"https:\/\/baic-agri.com\/?page_id=235"},"modified":"2024-11-01T14:36:28","modified_gmt":"2024-11-01T11:36:28","slug":"politica-de-cookies","status":"publish","type":"page","link":"https:\/\/baic-agri.com\/pt\/politica-de-cookies\/","title":{"rendered":"Pol\u00edtica de cookies"},"content":{"rendered":"\t\t<div data-elementor-type=\"wp-page\" data-elementor-id=\"235\" class=\"elementor elementor-235\" data-elementor-post-type=\"page\">\n\t\t\t\t<div class=\"elementor-element elementor-element-58093da e-flex e-con-boxed e-con e-parent\" data-id=\"58093da\" data-element_type=\"container\" data-settings=\"{&quot;jet_parallax_layout_list&quot;:[]}\">\n\t\t\t\t\t<div class=\"e-con-inner\">\n\t\t\t\t<div class=\"elementor-element elementor-element-81d8394 elementor-widget elementor-widget-heading\" data-id=\"81d8394\" data-element_type=\"widget\" data-widget_type=\"heading.default\">\n\t\t\t\t<div class=\"elementor-widget-container\">\n\t\t\t<style>\/*! elementor - v3.23.0 - 23-07-2024 *\/\n.elementor-heading-title{padding:0;margin:0;line-height:1}.elementor-widget-heading .elementor-heading-title[class*=elementor-size-]>a{color:inherit;font-size:inherit;line-height:inherit}.elementor-widget-heading .elementor-heading-title.elementor-size-small{font-size:15px}.elementor-widget-heading .elementor-heading-title.elementor-size-medium{font-size:19px}.elementor-widget-heading .elementor-heading-title.elementor-size-large{font-size:29px}.elementor-widget-heading .elementor-heading-title.elementor-size-xl{font-size:39px}.elementor-widget-heading .elementor-heading-title.elementor-size-xxl{font-size:59px}<\/style><h2 class=\"elementor-heading-title elementor-size-default\">Pol\u00edtica de Cookies<\/h2>\t\t<\/div>\n\t\t\t\t<\/div>\n\t\t\t\t<div class=\"elementor-element elementor-element-007ea0f elementor-widget elementor-widget-text-editor\" data-id=\"007ea0f\" data-element_type=\"widget\" data-widget_type=\"text-editor.default\">\n\t\t\t\t<div class=\"elementor-widget-container\">\n\t\t\t<style>\/*! elementor - v3.23.0 - 23-07-2024 *\/\n.elementor-widget-text-editor.elementor-drop-cap-view-stacked .elementor-drop-cap{background-color:#69727d;color:#fff}.elementor-widget-text-editor.elementor-drop-cap-view-framed .elementor-drop-cap{color:#69727d;border:3px solid;background-color:transparent}.elementor-widget-text-editor:not(.elementor-drop-cap-view-default) .elementor-drop-cap{margin-top:8px}.elementor-widget-text-editor:not(.elementor-drop-cap-view-default) .elementor-drop-cap-letter{width:1em;height:1em}.elementor-widget-text-editor .elementor-drop-cap{float:left;text-align:center;line-height:1;font-size:50px}.elementor-widget-text-editor .elementor-drop-cap-letter{display:inline-block}<\/style>\t\t\t\t<p><strong>O que \u00e9 um cookie?<\/strong><\/p>\t\t\t\t\t\t<\/div>\n\t\t\t\t<\/div>\n\t\t\t\t<div class=\"elementor-element elementor-element-bb0b31d elementor-widget elementor-widget-text-editor\" data-id=\"bb0b31d\" data-element_type=\"widget\" data-widget_type=\"text-editor.default\">\n\t\t\t\t<div class=\"elementor-widget-container\">\n\t\t\t\t\t\t\t<p>O cookie \u00e9 um dado transferido ao seu navegador ou dispositivo que nos permite entender, armazenar e recordar suas a\u00e7\u00f5es e prefer\u00eancias em nossa plataforma ao longo do tempo.<br \/>Grande parte dos navegadores da Internet aceitam cookies, no entanto, os usu\u00e1rios podem configurar seus navegadores para desativar ou aceitar certos tipos de cookies ou cookies espec\u00edficos. Quando as categorias permitidas s\u00e3o desativadas, os cookies atribu\u00eddos a esta categoria ser\u00e3o exclu\u00eddos do seu navegador.<\/p>\t\t\t\t\t\t<\/div>\n\t\t\t\t<\/div>\n\t\t\t\t<div class=\"elementor-element elementor-element-25d06cf elementor-widget elementor-widget-text-editor\" data-id=\"25d06cf\" data-element_type=\"widget\" data-widget_type=\"text-editor.default\">\n\t\t\t\t<div class=\"elementor-widget-container\">\n\t\t\t\t\t\t\t<p><strong>Por que utilizamos os cookies?<\/strong><\/p>\t\t\t\t\t\t<\/div>\n\t\t\t\t<\/div>\n\t\t\t\t<div class=\"elementor-element elementor-element-19c67f9 elementor-widget elementor-widget-text-editor\" data-id=\"19c67f9\" data-element_type=\"widget\" data-widget_type=\"text-editor.default\">\n\t\t\t\t<div class=\"elementor-widget-container\">\n\t\t\t\t\t\t\t<p>N\u00f3s utilizamos os cookies para autenticar usu\u00e1rios, lembrar prefer\u00eancias e configura\u00e7\u00f5es de usu\u00e1rios. Os cookies podem ser utilizados para determinar a popularidade de um conte\u00fado, divulgar e medir a efic\u00e1cia de campanhas de marketing, assim como para analisar tend\u00eancias e interesses das pessoas que interagem com os nossos Servi\u00e7os, como por exemplo, alguns cookies s\u00e3o utilizados para lembrar o seu idioma ou suas prefer\u00eancias para que voc\u00ea n\u00e3o tenha que escolh\u00ea-las sempre que acessa nosso site.<\/p>\t\t\t\t\t\t<\/div>\n\t\t\t\t<\/div>\n\t\t\t\t<div class=\"elementor-element elementor-element-7ac99de elementor-widget elementor-widget-text-editor\" data-id=\"7ac99de\" data-element_type=\"widget\" data-widget_type=\"text-editor.default\">\n\t\t\t\t<div class=\"elementor-widget-container\">\n\t\t\t\t\t\t\t<p><strong>Quais cookies utilizamos?<\/strong><\/p>\t\t\t\t\t\t<\/div>\n\t\t\t\t<\/div>\n\t\t\t\t<div class=\"elementor-element elementor-element-d388b69 elementor-widget elementor-widget-text-editor\" data-id=\"d388b69\" data-element_type=\"widget\" data-widget_type=\"text-editor.default\">\n\t\t\t\t<div class=\"elementor-widget-container\">\n\t\t\t\t\t\t\t<p><strong>Cookies necess\u00e1rios<\/strong><\/p>\t\t\t\t\t\t<\/div>\n\t\t\t\t<\/div>\n\t\t\t\t<div class=\"elementor-element elementor-element-ba3461e elementor-widget elementor-widget-text-editor\" data-id=\"ba3461e\" data-element_type=\"widget\" data-widget_type=\"text-editor.default\">\n\t\t\t\t<div class=\"elementor-widget-container\">\n\t\t\t\t\t\t\t<p>Os cookies necess\u00e1rios s\u00e3o essenciais para o funcionamento do site, sem eles o site n\u00e3o funcionaria corretamente. S\u00e3o utilizados para, por exemplo, acesso a \u00e1rea seguras do site, seguran\u00e7as e legisla\u00e7\u00e3o.<\/p>\t\t\t\t\t\t<\/div>\n\t\t\t\t<\/div>\n\t\t\t\t<div class=\"elementor-element elementor-element-65367f0 elementor-widget elementor-widget-text-editor\" data-id=\"65367f0\" data-element_type=\"widget\" data-widget_type=\"text-editor.default\">\n\t\t\t\t<div class=\"elementor-widget-container\">\n\t\t\t\t\t\t\t<p><strong>Cookies de Marketing<\/strong><\/p>\t\t\t\t\t\t<\/div>\n\t\t\t\t<\/div>\n\t\t\t\t<div class=\"elementor-element elementor-element-c25ff05 elementor-widget elementor-widget-text-editor\" data-id=\"c25ff05\" data-element_type=\"widget\" data-widget_type=\"text-editor.default\">\n\t\t\t\t<div class=\"elementor-widget-container\">\n\t\t\t\t\t\t\t<p>Os cookies de marketing ou publicidade rastreiam a navega\u00e7\u00e3o dos visitantes e coletam dados para que a empresa possa fornecer an\u00fancios mais relevantes de acordo com tal comportamento.<\/p>\t\t\t\t\t\t<\/div>\n\t\t\t\t<\/div>\n\t\t\t\t<div class=\"elementor-element elementor-element-0f81250 elementor-widget elementor-widget-text-editor\" data-id=\"0f81250\" data-element_type=\"widget\" data-widget_type=\"text-editor.default\">\n\t\t\t\t<div class=\"elementor-widget-container\">\n\t\t\t\t\t\t\t<p><strong>Cookies de estat\u00edstica<\/strong><\/p>\t\t\t\t\t\t<\/div>\n\t\t\t\t<\/div>\n\t\t\t\t<div class=\"elementor-element elementor-element-4ef41b7 elementor-widget elementor-widget-text-editor\" data-id=\"4ef41b7\" data-element_type=\"widget\" data-widget_type=\"text-editor.default\">\n\t\t\t\t<div class=\"elementor-widget-container\">\n\t\t\t\t\t\t\t<p>Os cookies de estat\u00edsticas, ou an\u00e1lises, traduzem as intera\u00e7\u00f5es dos visitantes em relat\u00f3rios detalhados de comportamento, de maneira an\u00f4nima.<\/p>\t\t\t\t\t\t<\/div>\n\t\t\t\t<\/div>\n\t\t\t\t<div class=\"elementor-element elementor-element-c17ca7d elementor-widget elementor-widget-text-editor\" data-id=\"c17ca7d\" data-element_type=\"widget\" data-widget_type=\"text-editor.default\">\n\t\t\t\t<div class=\"elementor-widget-container\">\n\t\t\t\t\t\t\t<p><strong>Por quanto tempo os cookies s\u00e3o armazenados?<\/strong><\/p>\t\t\t\t\t\t<\/div>\n\t\t\t\t<\/div>\n\t\t\t\t<div class=\"elementor-element elementor-element-ad310ef elementor-widget elementor-widget-text-editor\" data-id=\"ad310ef\" data-element_type=\"widget\" data-widget_type=\"text-editor.default\">\n\t\t\t\t<div class=\"elementor-widget-container\">\n\t\t\t\t\t\t\t<p>O prazo de armazenamento dos cookies que coletam informa\u00e7\u00f5es varia de acordo com o tempo necess\u00e1rio para cumprir sua finalidade. Existem cookies denominados de sess\u00e3o ou tempor\u00e1rios, os quais expiram assim que o seu navegador encerra a sess\u00e3o. Por outro lado, existem cookies persistentes ou permanentes, os quais permanecem em seu dispositivo durante um per\u00edodo determinado ou at\u00e9 que seja exclu\u00eddo. No que se refere a este site, temos os seguintes cookies e per\u00edodo de armazenamento,<\/p>\t\t\t\t\t\t<\/div>\n\t\t\t\t<\/div>\n\t\t\t\t<div class=\"elementor-element elementor-element-332883f elementor-widget elementor-widget-jet-table\" data-id=\"332883f\" data-element_type=\"widget\" data-widget_type=\"jet-table.default\">\n\t\t\t\t<div class=\"elementor-widget-container\">\n\t\t\t<div class=\"elementor-jet-table jet-elements\">\n\t\t<div class=\"jet-table-wrapper jet-table-responsive-mobile\">\n\t\t\t<table class=\"jet-table jet-table--fa5-compat\">\n\t\t\t\t<thead class=\"jet-table__head\"><tr class=\"jet-table__head-row\"><th class=\"jet-table__cell elementor-repeater-item-59f7f3e jet-table__head-cell\" scope=\"col\"><div class=\"jet-table__cell-inner\"><div class=\"jet-table__cell-content\"><div class=\"jet-table__cell-text\">Cookie<\/div><\/div><\/div><\/th><th class=\"jet-table__cell elementor-repeater-item-3436eab jet-table__head-cell\" scope=\"col\"><div class=\"jet-table__cell-inner\"><div class=\"jet-table__cell-content\"><div class=\"jet-table__cell-text\">Prazo<\/div><\/div><\/div><\/th><\/tr><\/thead>\n\t\t\t\t\t\t\t\t<tbody class=\"jet-table__body\"><tr class=\"jet-table__body-row elementor-repeater-item-05b8c4a\"><td class=\"jet-table__cell elementor-repeater-item-5fd2f27 jet-table__body-cell\"><div class=\"jet-table__cell-inner\"><div class=\"jet-table__cell-content\"><div class=\"jet-table__cell-text\">Necess\u00e1rios<\/div><\/div><\/div><\/td><td class=\"jet-table__cell elementor-repeater-item-290c78e jet-table__body-cell\"><div class=\"jet-table__cell-inner\"><div class=\"jet-table__cell-content\"><div class=\"jet-table__cell-text\">01 m\u00eas<\/div><\/div><\/div><\/td><\/tr><tr class=\"jet-table__body-row elementor-repeater-item-82eebd9\"><td class=\"jet-table__cell elementor-repeater-item-8d911c9 jet-table__body-cell\"><div class=\"jet-table__cell-inner\"><div class=\"jet-table__cell-content\"><div class=\"jet-table__cell-text\">Marketing<\/div><\/div><\/div><\/td><td class=\"jet-table__cell elementor-repeater-item-dfcf13c jet-table__body-cell\"><div class=\"jet-table__cell-inner\"><div class=\"jet-table__cell-content\"><div class=\"jet-table__cell-text\">Cookie de sess\u00e3o<\/div><\/div><\/div><\/td><\/tr><tr class=\"jet-table__body-row elementor-repeater-item-ce1d338\"><td class=\"jet-table__cell elementor-repeater-item-b35226f jet-table__body-cell\"><div class=\"jet-table__cell-inner\"><div class=\"jet-table__cell-content\"><div class=\"jet-table__cell-text\">Estat\u00edsticas<\/div><\/div><\/div><\/td><td class=\"jet-table__cell elementor-repeater-item-f1fff7d jet-table__body-cell\"><div class=\"jet-table__cell-inner\"><div class=\"jet-table__cell-content\"><div class=\"jet-table__cell-text\">Cookie de sess\u00e3o<\/div><\/div><\/div><\/td><\/tr><\/tbody>\n\t\t\t<\/table>\n\t\t<\/div>\n\n\t\t<\/div>\t\t<\/div>\n\t\t\t\t<\/div>\n\t\t\t\t<div class=\"elementor-element elementor-element-ae05c17 elementor-widget elementor-widget-text-editor\" data-id=\"ae05c17\" data-element_type=\"widget\" data-widget_type=\"text-editor.default\">\n\t\t\t\t<div class=\"elementor-widget-container\">\n\t\t\t\t\t\t\t<p><strong>Como desativar um cookie?<\/strong><\/p>\t\t\t\t\t\t<\/div>\n\t\t\t\t<\/div>\n\t\t\t\t<div class=\"elementor-element elementor-element-3b4ebdf elementor-widget elementor-widget-text-editor\" data-id=\"3b4ebdf\" data-element_type=\"widget\" data-widget_type=\"text-editor.default\">\n\t\t\t\t<div class=\"elementor-widget-container\">\n\t\t\t\t\t\t\t<div>\u00a0<span style=\"font-family: var( --e-global-typography-primary-font-family ), Sans-serif; font-weight: var( --e-global-typography-primary-font-weight ); color: var( --e-global-color-text ); text-align: var(--text-align);\">Voc\u00ea possui autonomia para impedir que nossa plataforma utilize alguns cookies, a partir do controle de configura\u00e7\u00f5es. Para ativar ou desativar algum cookie, na aba \u201ccontrole sua privacidade\u201d voc\u00ea pode clicar em \u201cminhas op\u00e7\u00f5es\u201d. Acessando essa aba, identificar\u00e1 quais cookies s\u00e3o utilizados, a sua finalidade e quais podem ser desativados. Contudo, alguns cookies (denominados cookies necess\u00e1rios) n\u00e3o podem ser desativados, tendo em vista a sua necessidade para o funcionamento do site, a seguran\u00e7a e o cumprimento das obriga\u00e7\u00f5es legais.<\/span><\/div>\t\t\t\t\t\t<\/div>\n\t\t\t\t<\/div>\n\t\t\t\t<div class=\"elementor-element elementor-element-b6556e6 elementor-widget elementor-widget-text-editor\" data-id=\"b6556e6\" data-element_type=\"widget\" data-widget_type=\"text-editor.default\">\n\t\t\t\t<div class=\"elementor-widget-container\">\n\t\t\t\t\t\t\t<p><strong>D\u00favidas e Exerc\u00edcio de Direitos<\/strong><\/p>\t\t\t\t\t\t<\/div>\n\t\t\t\t<\/div>\n\t\t\t\t<div class=\"elementor-element elementor-element-464ef84 elementor-widget elementor-widget-text-editor\" data-id=\"464ef84\" data-element_type=\"widget\" data-widget_type=\"text-editor.default\">\n\t\t\t\t<div class=\"elementor-widget-container\">\n\t\t\t\t\t\t\t<p>Para n\u00f3s, a privacidade e confian\u00e7a s\u00e3o fundamentais, motivo pelo qual estamos sempre nos atualizando para manter os mais altos padr\u00f5es de seguran\u00e7a. Reservamo-nos no direito de alterar esta Pol\u00edtica de Cookies a qualquer tempo. As eventuais mudan\u00e7as entrar\u00e3o em vigor logo ap\u00f3s a sua publica\u00e7\u00e3o e voc\u00ea ser\u00e1 avisado.<\/p>\t\t\t\t\t\t<\/div>\n\t\t\t\t<\/div>\n\t\t\t\t\t<\/div>\n\t\t\t\t<\/div>\n\t\t\t\t<\/div>\n\t\t","protected":false},"excerpt":{"rendered":"<p>Pol\u00edtica de Cookies O que \u00e9 um cookie? O cookie \u00e9 um dado transferido ao seu navegador ou dispositivo que nos permite entender, armazenar e recordar suas a\u00e7\u00f5es e prefer\u00eancias em nossa plataforma ao longo do tempo.Grande parte dos navegadores da Internet aceitam cookies, no entanto, os usu\u00e1rios podem configurar seus navegadores para desativar ou [&hellip;]<\/p>\n","protected":false},"author":2,"featured_media":0,"parent":0,"menu_order":0,"comment_status":"closed","ping_status":"closed","template":"","meta":{"footnotes":""},"class_list":["post-235","page","type-page","status-publish","hentry"],"_links":{"self":[{"href":"https:\/\/baic-agri.com\/pt\/wp-json\/wp\/v2\/pages\/235","targetHints":{"allow":["GET"]}}],"collection":[{"href":"https:\/\/baic-agri.com\/pt\/wp-json\/wp\/v2\/pages"}],"about":[{"href":"https:\/\/baic-agri.com\/pt\/wp-json\/wp\/v2\/types\/page"}],"author":[{"embeddable":true,"href":"https:\/\/baic-agri.com\/pt\/wp-json\/wp\/v2\/users\/2"}],"replies":[{"embeddable":true,"href":"https:\/\/baic-agri.com\/pt\/wp-json\/wp\/v2\/comments?post=235"}],"version-history":[{"count":3,"href":"https:\/\/baic-agri.com\/pt\/wp-json\/wp\/v2\/pages\/235\/revisions"}],"predecessor-version":[{"id":771,"href":"https:\/\/baic-agri.com\/pt\/wp-json\/wp\/v2\/pages\/235\/revisions\/771"}],"wp:attachment":[{"href":"https:\/\/baic-agri.com\/pt\/wp-json\/wp\/v2\/media?parent=235"}],"curies":[{"name":"wp","href":"https:\/\/api.w.org\/{rel}","templated":true}]}}